{"id":440,"date":"2021-04-08T12:59:49","date_gmt":"2021-04-08T12:59:49","guid":{"rendered":"https:\/\/invicta.co.mz\/qui-sommes-nous\/"},"modified":"2021-04-08T12:59:49","modified_gmt":"2021-04-08T12:59:49","slug":"qui-sommes-nous","status":"publish","type":"page","link":"https:\/\/invicta.co.mz\/fr\/qui-sommes-nous\/","title":{"rendered":"Qui Sommes-nous"},"content":{"rendered":"<p>Cr\u00e9\u00e9e en 2021, Invicta est une soci\u00e9t\u00e9 mozambicaine sp\u00e9cialis\u00e9e dans le domaine de la construction de b\u00e2timents mais \u00e9galement d\u2019ouvrages de g\u00e9nie civil et industriels<br \/>\net de la gestion de projets, offrant des services de conseil et se concentrant sur les \u00e9nergies renouvelables et l&rsquo;environnement.<\/p>\n<p>Invicta a \u00e9t\u00e9 con\u00e7u par une \u00e9quipe dynamique et hautement qualifi\u00e9e qui ajoute une large exp\u00e9rience dans le secteur de la construction et des \u00e9nergies renouvelables et un savoir-faire \u00e9tendu de la r\u00e9alit\u00e9 nationale, ce qui lui conf\u00e8re une identit\u00e9 forte, et garantit \u00e0 ses clients un service de qualit\u00e9, de transparence et de confiance.<\/p>\n<p>L&rsquo;engagement d&rsquo;Invicta passe par une croissance durable, bas\u00e9e sur l&rsquo;innovation et l&rsquo;esprit d&rsquo;entreprise, dont la comp\u00e9tence, la capacit\u00e9 technique et la qualit\u00e9 se conjuguent avec le respect et l&rsquo;engagement des communaut\u00e9s o\u00f9 elle op\u00e8re.<\/p>\n","protected":false},"excerpt":{"rendered":"<p>Cr\u00e9\u00e9e en 2021, Invicta est une soci\u00e9t\u00e9 mozambicaine sp\u00e9cialis\u00e9e dans le domaine de la construction de b\u00e2timents mais \u00e9galement d\u2019ouvrages de g\u00e9nie civil et industriels et de la gestion de projets, offrant des services de conseil et se concentrant sur les \u00e9nergies renouvelables et l&rsquo;environnement. Invicta a \u00e9t\u00e9 con\u00e7u par une \u00e9quipe dynamique et hautement [&hellip;]<\/p>\n","protected":false},"author":4,"featured_media":376,"parent":0,"menu_order":0,"comment_status":"closed","ping_status":"closed","template":"","meta":{"_acf_changed":false,"footnotes":""},"class_list":["post-440","page","type-page","status-publish","has-post-thumbnail","hentry"],"acf":[],"yoast_head":"<!-- This site is optimized with the Yoast SEO plugin v24.4 - https:\/\/yoast.com\/wordpress\/plugins\/seo\/ -->\n<title>Qui Sommes-nous - Invicta Group<\/title>\n<meta name=\"robots\" content=\"index, follow, max-snippet:-1, max-image-preview:large, max-video-preview:-1\" \/>\n<link rel=\"canonical\" href=\"https:\/\/invicta.co.mz\/fr\/qui-sommes-nous\/\" \/>\n<meta property=\"og:locale\" content=\"fr_FR\" \/>\n<meta property=\"og:type\" content=\"article\" \/>\n<meta property=\"og:title\" content=\"Qui Sommes-nous - Invicta Group\" \/>\n<meta property=\"og:description\" content=\"Cr\u00e9\u00e9e en 2021, Invicta est une soci\u00e9t\u00e9 mozambicaine sp\u00e9cialis\u00e9e dans le domaine de la construction de b\u00e2timents mais \u00e9galement d\u2019ouvrages de g\u00e9nie civil et industriels et de la gestion de projets, offrant des services de conseil et se concentrant sur les \u00e9nergies renouvelables et l&rsquo;environnement. Invicta a \u00e9t\u00e9 con\u00e7u par une \u00e9quipe dynamique et hautement [&hellip;]\" \/>\n<meta property=\"og:url\" content=\"https:\/\/invicta.co.mz\/fr\/qui-sommes-nous\/\" \/>\n<meta property=\"og:site_name\" content=\"Invicta Group\" \/>\n<meta property=\"og:image\" content=\"https:\/\/invicta.co.mz\/wp-content\/uploads\/2021\/03\/construction-site-min.jpg\" \/>\n\t<meta property=\"og:image:width\" content=\"1080\" \/>\n\t<meta property=\"og:image:height\" content=\"691\" \/>\n\t<meta property=\"og:image:type\" content=\"image\/jpeg\" \/>\n<meta name=\"twitter:card\" content=\"summary_large_image\" \/>\n<meta name=\"twitter:label1\" content=\"Dur\u00e9e de lecture estim\u00e9e\" \/>\n\t<meta name=\"twitter:data1\" content=\"1 minute\" \/>\n<script type=\"application\/ld+json\" class=\"yoast-schema-graph\">{\"@context\":\"https:\/\/schema.org\",\"@graph\":[{\"@type\":\"WebPage\",\"@id\":\"https:\/\/invicta.co.mz\/fr\/qui-sommes-nous\/\",\"url\":\"https:\/\/invicta.co.mz\/fr\/qui-sommes-nous\/\",\"name\":\"Qui Sommes-nous - Invicta Group\",\"isPartOf\":{\"@id\":\"https:\/\/invicta.co.mz\/fr\/#website\"},\"primaryImageOfPage\":{\"@id\":\"https:\/\/invicta.co.mz\/fr\/qui-sommes-nous\/#primaryimage\"},\"image\":{\"@id\":\"https:\/\/invicta.co.mz\/fr\/qui-sommes-nous\/#primaryimage\"},\"thumbnailUrl\":\"https:\/\/invicta.co.mz\/wp-content\/uploads\/2021\/03\/construction-site-min.jpg\",\"datePublished\":\"2021-04-08T12:59:49+00:00\",\"breadcrumb\":{\"@id\":\"https:\/\/invicta.co.mz\/fr\/qui-sommes-nous\/#breadcrumb\"},\"inLanguage\":\"fr-FR\",\"potentialAction\":[{\"@type\":\"ReadAction\",\"target\":[\"https:\/\/invicta.co.mz\/fr\/qui-sommes-nous\/\"]}]},{\"@type\":\"ImageObject\",\"inLanguage\":\"fr-FR\",\"@id\":\"https:\/\/invicta.co.mz\/fr\/qui-sommes-nous\/#primaryimage\",\"url\":\"https:\/\/invicta.co.mz\/wp-content\/uploads\/2021\/03\/construction-site-min.jpg\",\"contentUrl\":\"https:\/\/invicta.co.mz\/wp-content\/uploads\/2021\/03\/construction-site-min.jpg\",\"width\":1080,\"height\":691,\"caption\":\"mo\u00e7ambique skyline\"},{\"@type\":\"BreadcrumbList\",\"@id\":\"https:\/\/invicta.co.mz\/fr\/qui-sommes-nous\/#breadcrumb\",\"itemListElement\":[{\"@type\":\"ListItem\",\"position\":1,\"name\":\"In\u00edcio\",\"item\":\"https:\/\/invicta.co.mz\/fr\/\"},{\"@type\":\"ListItem\",\"position\":2,\"name\":\"Qui Sommes-nous\"}]},{\"@type\":\"WebSite\",\"@id\":\"https:\/\/invicta.co.mz\/fr\/#website\",\"url\":\"https:\/\/invicta.co.mz\/fr\/\",\"name\":\"Invicta Group\",\"description\":\"Mais um site WordPress\",\"potentialAction\":[{\"@type\":\"SearchAction\",\"target\":{\"@type\":\"EntryPoint\",\"urlTemplate\":\"https:\/\/invicta.co.mz\/fr\/?s={search_term_string}\"},\"query-input\":{\"@type\":\"PropertyValueSpecification\",\"valueRequired\":true,\"valueName\":\"search_term_string\"}}],\"inLanguage\":\"fr-FR\"}]}<\/script>\n<!-- \/ Yoast SEO plugin. -->","yoast_head_json":{"title":"Qui Sommes-nous - Invicta Group","robots":{"index":"index","follow":"follow","max-snippet":"max-snippet:-1","max-image-preview":"max-image-preview:large","max-video-preview":"max-video-preview:-1"},"canonical":"https:\/\/invicta.co.mz\/fr\/qui-sommes-nous\/","og_locale":"fr_FR","og_type":"article","og_title":"Qui Sommes-nous - Invicta Group","og_description":"Cr\u00e9\u00e9e en 2021, Invicta est une soci\u00e9t\u00e9 mozambicaine sp\u00e9cialis\u00e9e dans le domaine de la construction de b\u00e2timents mais \u00e9galement d\u2019ouvrages de g\u00e9nie civil et industriels et de la gestion de projets, offrant des services de conseil et se concentrant sur les \u00e9nergies renouvelables et l&rsquo;environnement. Invicta a \u00e9t\u00e9 con\u00e7u par une \u00e9quipe dynamique et hautement [&hellip;]","og_url":"https:\/\/invicta.co.mz\/fr\/qui-sommes-nous\/","og_site_name":"Invicta Group","og_image":[{"width":1080,"height":691,"url":"https:\/\/invicta.co.mz\/wp-content\/uploads\/2021\/03\/construction-site-min.jpg","type":"image\/jpeg"}],"twitter_card":"summary_large_image","twitter_misc":{"Dur\u00e9e de lecture estim\u00e9e":"1 minute"},"schema":{"@context":"https:\/\/schema.org","@graph":[{"@type":"WebPage","@id":"https:\/\/invicta.co.mz\/fr\/qui-sommes-nous\/","url":"https:\/\/invicta.co.mz\/fr\/qui-sommes-nous\/","name":"Qui Sommes-nous - Invicta Group","isPartOf":{"@id":"https:\/\/invicta.co.mz\/fr\/#website"},"primaryImageOfPage":{"@id":"https:\/\/invicta.co.mz\/fr\/qui-sommes-nous\/#primaryimage"},"image":{"@id":"https:\/\/invicta.co.mz\/fr\/qui-sommes-nous\/#primaryimage"},"thumbnailUrl":"https:\/\/invicta.co.mz\/wp-content\/uploads\/2021\/03\/construction-site-min.jpg","datePublished":"2021-04-08T12:59:49+00:00","breadcrumb":{"@id":"https:\/\/invicta.co.mz\/fr\/qui-sommes-nous\/#breadcrumb"},"inLanguage":"fr-FR","potentialAction":[{"@type":"ReadAction","target":["https:\/\/invicta.co.mz\/fr\/qui-sommes-nous\/"]}]},{"@type":"ImageObject","inLanguage":"fr-FR","@id":"https:\/\/invicta.co.mz\/fr\/qui-sommes-nous\/#primaryimage","url":"https:\/\/invicta.co.mz\/wp-content\/uploads\/2021\/03\/construction-site-min.jpg","contentUrl":"https:\/\/invicta.co.mz\/wp-content\/uploads\/2021\/03\/construction-site-min.jpg","width":1080,"height":691,"caption":"mo\u00e7ambique skyline"},{"@type":"BreadcrumbList","@id":"https:\/\/invicta.co.mz\/fr\/qui-sommes-nous\/#breadcrumb","itemListElement":[{"@type":"ListItem","position":1,"name":"In\u00edcio","item":"https:\/\/invicta.co.mz\/fr\/"},{"@type":"ListItem","position":2,"name":"Qui Sommes-nous"}]},{"@type":"WebSite","@id":"https:\/\/invicta.co.mz\/fr\/#website","url":"https:\/\/invicta.co.mz\/fr\/","name":"Invicta Group","description":"Mais um site WordPress","potentialAction":[{"@type":"SearchAction","target":{"@type":"EntryPoint","urlTemplate":"https:\/\/invicta.co.mz\/fr\/?s={search_term_string}"},"query-input":{"@type":"PropertyValueSpecification","valueRequired":true,"valueName":"search_term_string"}}],"inLanguage":"fr-FR"}]}},"_links":{"self":[{"href":"https:\/\/invicta.co.mz\/fr\/wp-json\/wp\/v2\/pages\/440","targetHints":{"allow":["GET"]}}],"collection":[{"href":"https:\/\/invicta.co.mz\/fr\/wp-json\/wp\/v2\/pages"}],"about":[{"href":"https:\/\/invicta.co.mz\/fr\/wp-json\/wp\/v2\/types\/page"}],"author":[{"embeddable":true,"href":"https:\/\/invicta.co.mz\/fr\/wp-json\/wp\/v2\/users\/4"}],"replies":[{"embeddable":true,"href":"https:\/\/invicta.co.mz\/fr\/wp-json\/wp\/v2\/comments?post=440"}],"version-history":[{"count":0,"href":"https:\/\/invicta.co.mz\/fr\/wp-json\/wp\/v2\/pages\/440\/revisions"}],"wp:featuredmedia":[{"embeddable":true,"href":"https:\/\/invicta.co.mz\/fr\/wp-json\/wp\/v2\/media\/376"}],"wp:attachment":[{"href":"https:\/\/invicta.co.mz\/fr\/wp-json\/wp\/v2\/media?parent=440"}],"curies":[{"name":"wp","href":"https:\/\/api.w.org\/{rel}","templated":true}]}}