{"id":442,"date":"2021-04-08T13:00:34","date_gmt":"2021-04-08T13:00:34","guid":{"rendered":"https:\/\/invicta.co.mz\/notre-vision\/"},"modified":"2021-04-08T13:00:34","modified_gmt":"2021-04-08T13:00:34","slug":"notre-vision","status":"publish","type":"page","link":"https:\/\/invicta.co.mz\/fr\/notre-vision\/","title":{"rendered":"Notre Vision"},"content":{"rendered":"<p>Nous avons l&rsquo;ambition d&rsquo;\u00eatre une r\u00e9f\u00e9rence consolid\u00e9e dans les domaines de la construction de b\u00e2timents et des \u00e9nergies renouvelables au Mozambique.<\/p>\n<p>En pensant \u00e0 l&rsquo;avenir, nous entendons contribuer \u00e0 la construction d&rsquo;un pays durable, en cr\u00e9ant de la valeur et en collaborant pour son d\u00e9veloppement social, \u00e9conomique et environnemental, mais aussi en investissant dans des solutions efficaces et innovantes.<\/p>\n<p>Nous croyons que les nouvelles technologies peuvent nous emmener plus loin, de sorte qu&rsquo;\u00e0 travers celles-ci, nous entendons avoir une longueur d&rsquo;avance dans la croissance du pays et donner \u00e0 nos clients une r\u00e9ponse rigoureuse et comp\u00e9tente \u00e0 ce qu&rsquo;ils recherchent, en garantissant des solutions efficientes et efficaces, avec respect des enjeux environnementaux.<\/p>\n<p>L&rsquo;innovation, la durabilit\u00e9 et les relations humaines sont les valeurs qui nous caract\u00e9risent et que nous promouvons au quotidien.<\/p>\n","protected":false},"excerpt":{"rendered":"<p>Nous avons l&rsquo;ambition d&rsquo;\u00eatre une r\u00e9f\u00e9rence consolid\u00e9e dans les domaines de la construction de b\u00e2timents et des \u00e9nergies renouvelables au Mozambique. En pensant \u00e0 l&rsquo;avenir, nous entendons contribuer \u00e0 la construction d&rsquo;un pays durable, en cr\u00e9ant de la valeur et en collaborant pour son d\u00e9veloppement social, \u00e9conomique et environnemental, mais aussi en investissant dans des [&hellip;]<\/p>\n","protected":false},"author":4,"featured_media":366,"parent":0,"menu_order":0,"comment_status":"closed","ping_status":"closed","template":"","meta":{"_acf_changed":false,"footnotes":""},"class_list":["post-442","page","type-page","status-publish","has-post-thumbnail","hentry"],"acf":[],"yoast_head":"<!-- This site is optimized with the Yoast SEO plugin v24.4 - https:\/\/yoast.com\/wordpress\/plugins\/seo\/ -->\n<title>Notre Vision - Invicta Group<\/title>\n<meta name=\"robots\" content=\"index, follow, max-snippet:-1, max-image-preview:large, max-video-preview:-1\" \/>\n<link rel=\"canonical\" href=\"https:\/\/invicta.co.mz\/fr\/notre-vision\/\" \/>\n<meta property=\"og:locale\" content=\"fr_FR\" \/>\n<meta property=\"og:type\" content=\"article\" \/>\n<meta property=\"og:title\" content=\"Notre Vision - Invicta Group\" \/>\n<meta property=\"og:description\" content=\"Nous avons l&rsquo;ambition d&rsquo;\u00eatre une r\u00e9f\u00e9rence consolid\u00e9e dans les domaines de la construction de b\u00e2timents et des \u00e9nergies renouvelables au Mozambique. En pensant \u00e0 l&rsquo;avenir, nous entendons contribuer \u00e0 la construction d&rsquo;un pays durable, en cr\u00e9ant de la valeur et en collaborant pour son d\u00e9veloppement social, \u00e9conomique et environnemental, mais aussi en investissant dans des [&hellip;]\" \/>\n<meta property=\"og:url\" content=\"https:\/\/invicta.co.mz\/fr\/notre-vision\/\" \/>\n<meta property=\"og:site_name\" content=\"Invicta Group\" \/>\n<meta property=\"og:image\" content=\"https:\/\/invicta.co.mz\/wp-content\/uploads\/2021\/03\/residential-house-process-building-min.jpg\" \/>\n\t<meta property=\"og:image:width\" content=\"1080\" \/>\n\t<meta property=\"og:image:height\" content=\"721\" \/>\n\t<meta property=\"og:image:type\" content=\"image\/jpeg\" \/>\n<meta name=\"twitter:card\" content=\"summary_large_image\" \/>\n<meta name=\"twitter:label1\" content=\"Dur\u00e9e de lecture estim\u00e9e\" \/>\n\t<meta name=\"twitter:data1\" content=\"1 minute\" \/>\n<script type=\"application\/ld+json\" class=\"yoast-schema-graph\">{\"@context\":\"https:\/\/schema.org\",\"@graph\":[{\"@type\":\"WebPage\",\"@id\":\"https:\/\/invicta.co.mz\/fr\/notre-vision\/\",\"url\":\"https:\/\/invicta.co.mz\/fr\/notre-vision\/\",\"name\":\"Notre Vision - Invicta Group\",\"isPartOf\":{\"@id\":\"https:\/\/invicta.co.mz\/fr\/#website\"},\"primaryImageOfPage\":{\"@id\":\"https:\/\/invicta.co.mz\/fr\/notre-vision\/#primaryimage\"},\"image\":{\"@id\":\"https:\/\/invicta.co.mz\/fr\/notre-vision\/#primaryimage\"},\"thumbnailUrl\":\"https:\/\/invicta.co.mz\/wp-content\/uploads\/2021\/03\/residential-house-process-building-min.jpg\",\"datePublished\":\"2021-04-08T13:00:34+00:00\",\"breadcrumb\":{\"@id\":\"https:\/\/invicta.co.mz\/fr\/notre-vision\/#breadcrumb\"},\"inLanguage\":\"fr-FR\",\"potentialAction\":[{\"@type\":\"ReadAction\",\"target\":[\"https:\/\/invicta.co.mz\/fr\/notre-vision\/\"]}]},{\"@type\":\"ImageObject\",\"inLanguage\":\"fr-FR\",\"@id\":\"https:\/\/invicta.co.mz\/fr\/notre-vision\/#primaryimage\",\"url\":\"https:\/\/invicta.co.mz\/wp-content\/uploads\/2021\/03\/residential-house-process-building-min.jpg\",\"contentUrl\":\"https:\/\/invicta.co.mz\/wp-content\/uploads\/2021\/03\/residential-house-process-building-min.jpg\",\"width\":1080,\"height\":721},{\"@type\":\"BreadcrumbList\",\"@id\":\"https:\/\/invicta.co.mz\/fr\/notre-vision\/#breadcrumb\",\"itemListElement\":[{\"@type\":\"ListItem\",\"position\":1,\"name\":\"In\u00edcio\",\"item\":\"https:\/\/invicta.co.mz\/fr\/\"},{\"@type\":\"ListItem\",\"position\":2,\"name\":\"Notre Vision\"}]},{\"@type\":\"WebSite\",\"@id\":\"https:\/\/invicta.co.mz\/fr\/#website\",\"url\":\"https:\/\/invicta.co.mz\/fr\/\",\"name\":\"Invicta Group\",\"description\":\"Mais um site WordPress\",\"potentialAction\":[{\"@type\":\"SearchAction\",\"target\":{\"@type\":\"EntryPoint\",\"urlTemplate\":\"https:\/\/invicta.co.mz\/fr\/?s={search_term_string}\"},\"query-input\":{\"@type\":\"PropertyValueSpecification\",\"valueRequired\":true,\"valueName\":\"search_term_string\"}}],\"inLanguage\":\"fr-FR\"}]}<\/script>\n<!-- \/ Yoast SEO plugin. -->","yoast_head_json":{"title":"Notre Vision - Invicta Group","robots":{"index":"index","follow":"follow","max-snippet":"max-snippet:-1","max-image-preview":"max-image-preview:large","max-video-preview":"max-video-preview:-1"},"canonical":"https:\/\/invicta.co.mz\/fr\/notre-vision\/","og_locale":"fr_FR","og_type":"article","og_title":"Notre Vision - Invicta Group","og_description":"Nous avons l&rsquo;ambition d&rsquo;\u00eatre une r\u00e9f\u00e9rence consolid\u00e9e dans les domaines de la construction de b\u00e2timents et des \u00e9nergies renouvelables au Mozambique. En pensant \u00e0 l&rsquo;avenir, nous entendons contribuer \u00e0 la construction d&rsquo;un pays durable, en cr\u00e9ant de la valeur et en collaborant pour son d\u00e9veloppement social, \u00e9conomique et environnemental, mais aussi en investissant dans des [&hellip;]","og_url":"https:\/\/invicta.co.mz\/fr\/notre-vision\/","og_site_name":"Invicta Group","og_image":[{"width":1080,"height":721,"url":"https:\/\/invicta.co.mz\/wp-content\/uploads\/2021\/03\/residential-house-process-building-min.jpg","type":"image\/jpeg"}],"twitter_card":"summary_large_image","twitter_misc":{"Dur\u00e9e de lecture estim\u00e9e":"1 minute"},"schema":{"@context":"https:\/\/schema.org","@graph":[{"@type":"WebPage","@id":"https:\/\/invicta.co.mz\/fr\/notre-vision\/","url":"https:\/\/invicta.co.mz\/fr\/notre-vision\/","name":"Notre Vision - Invicta Group","isPartOf":{"@id":"https:\/\/invicta.co.mz\/fr\/#website"},"primaryImageOfPage":{"@id":"https:\/\/invicta.co.mz\/fr\/notre-vision\/#primaryimage"},"image":{"@id":"https:\/\/invicta.co.mz\/fr\/notre-vision\/#primaryimage"},"thumbnailUrl":"https:\/\/invicta.co.mz\/wp-content\/uploads\/2021\/03\/residential-house-process-building-min.jpg","datePublished":"2021-04-08T13:00:34+00:00","breadcrumb":{"@id":"https:\/\/invicta.co.mz\/fr\/notre-vision\/#breadcrumb"},"inLanguage":"fr-FR","potentialAction":[{"@type":"ReadAction","target":["https:\/\/invicta.co.mz\/fr\/notre-vision\/"]}]},{"@type":"ImageObject","inLanguage":"fr-FR","@id":"https:\/\/invicta.co.mz\/fr\/notre-vision\/#primaryimage","url":"https:\/\/invicta.co.mz\/wp-content\/uploads\/2021\/03\/residential-house-process-building-min.jpg","contentUrl":"https:\/\/invicta.co.mz\/wp-content\/uploads\/2021\/03\/residential-house-process-building-min.jpg","width":1080,"height":721},{"@type":"BreadcrumbList","@id":"https:\/\/invicta.co.mz\/fr\/notre-vision\/#breadcrumb","itemListElement":[{"@type":"ListItem","position":1,"name":"In\u00edcio","item":"https:\/\/invicta.co.mz\/fr\/"},{"@type":"ListItem","position":2,"name":"Notre Vision"}]},{"@type":"WebSite","@id":"https:\/\/invicta.co.mz\/fr\/#website","url":"https:\/\/invicta.co.mz\/fr\/","name":"Invicta Group","description":"Mais um site WordPress","potentialAction":[{"@type":"SearchAction","target":{"@type":"EntryPoint","urlTemplate":"https:\/\/invicta.co.mz\/fr\/?s={search_term_string}"},"query-input":{"@type":"PropertyValueSpecification","valueRequired":true,"valueName":"search_term_string"}}],"inLanguage":"fr-FR"}]}},"_links":{"self":[{"href":"https:\/\/invicta.co.mz\/fr\/wp-json\/wp\/v2\/pages\/442","targetHints":{"allow":["GET"]}}],"collection":[{"href":"https:\/\/invicta.co.mz\/fr\/wp-json\/wp\/v2\/pages"}],"about":[{"href":"https:\/\/invicta.co.mz\/fr\/wp-json\/wp\/v2\/types\/page"}],"author":[{"embeddable":true,"href":"https:\/\/invicta.co.mz\/fr\/wp-json\/wp\/v2\/users\/4"}],"replies":[{"embeddable":true,"href":"https:\/\/invicta.co.mz\/fr\/wp-json\/wp\/v2\/comments?post=442"}],"version-history":[{"count":0,"href":"https:\/\/invicta.co.mz\/fr\/wp-json\/wp\/v2\/pages\/442\/revisions"}],"wp:featuredmedia":[{"embeddable":true,"href":"https:\/\/invicta.co.mz\/fr\/wp-json\/wp\/v2\/media\/366"}],"wp:attachment":[{"href":"https:\/\/invicta.co.mz\/fr\/wp-json\/wp\/v2\/media?parent=442"}],"curies":[{"name":"wp","href":"https:\/\/api.w.org\/{rel}","templated":true}]}}